{"id":994,"date":"2017-08-16T10:27:07","date_gmt":"2017-08-16T08:27:07","guid":{"rendered":"https:\/\/www.nkvinica.hr\/?page_id=994"},"modified":"2026-01-29T17:53:51","modified_gmt":"2026-01-29T16:53:51","slug":"seniori","status":"publish","type":"page","link":"https:\/\/www.nkvinica.hr\/index.php\/ekipe\/seniori\/","title":{"rendered":"Seniori"},"content":{"rendered":"<p><strong>Seniorska ekipa NK Vinica natje\u010de se u 3.\u017dNL VARA\u017dDIN. <\/strong><\/p>\n<p>Trener seniorske ekipe je<strong> Dalibor Mo\u017eani\u0107. <\/strong>Tablicu, rezultate i raspored natjecanja mo\u017eete pratiti na ovoj <a href=\"https:\/\/zns-varazdin.hr\/\">poveznici<\/a>.<\/p>\n\n\n<figure class=\"wp-block-image size-large\"><img loading=\"lazy\" decoding=\"async\" width=\"1024\" height=\"541\" src=\"https:\/\/www.nkvinica.hr\/wp-content\/uploads\/2026\/01\/Seniori-2025-26-1024x541.jpg\" alt=\"\" class=\"wp-image-2146\" srcset=\"https:\/\/www.nkvinica.hr\/wp-content\/uploads\/2026\/01\/Seniori-2025-26-1024x541.jpg 1024w, https:\/\/www.nkvinica.hr\/wp-content\/uploads\/2026\/01\/Seniori-2025-26-300x159.jpg 300w, https:\/\/www.nkvinica.hr\/wp-content\/uploads\/2026\/01\/Seniori-2025-26-768x406.jpg 768w, https:\/\/www.nkvinica.hr\/wp-content\/uploads\/2026\/01\/Seniori-2025-26-1536x812.jpg 1536w, https:\/\/www.nkvinica.hr\/wp-content\/uploads\/2026\/01\/Seniori-2025-26-2048x1082.jpg 2048w, https:\/\/www.nkvinica.hr\/wp-content\/uploads\/2026\/01\/Seniori-2025-26-128x68.jpg 128w, https:\/\/www.nkvinica.hr\/wp-content\/uploads\/2026\/01\/Seniori-2025-26-32x17.jpg 32w\" sizes=\"auto, (max-width: 1024px) 100vw, 1024px\" \/><\/figure>\n","protected":false},"excerpt":{"rendered":"<p>Seniorska ekipa NK Vinica natje\u010de se u 3.\u017dNL VARA\u017dDIN. Trener seniorske ekipe je Dalibor Mo\u017eani\u0107. Tablicu, rezultate i raspored natjecanja &hellip; <\/p>\n","protected":false},"author":1,"featured_media":0,"parent":58,"menu_order":0,"comment_status":"closed","ping_status":"closed","template":"","meta":{"footnotes":""},"class_list":["post-994","page","type-page","status-publish","hentry"],"_links":{"self":[{"href":"https:\/\/www.nkvinica.hr\/index.php\/wp-json\/wp\/v2\/pages\/994","targetHints":{"allow":["GET"]}}],"collection":[{"href":"https:\/\/www.nkvinica.hr\/index.php\/wp-json\/wp\/v2\/pages"}],"about":[{"href":"https:\/\/www.nkvinica.hr\/index.php\/wp-json\/wp\/v2\/types\/page"}],"author":[{"embeddable":true,"href":"https:\/\/www.nkvinica.hr\/index.php\/wp-json\/wp\/v2\/users\/1"}],"replies":[{"embeddable":true,"href":"https:\/\/www.nkvinica.hr\/index.php\/wp-json\/wp\/v2\/comments?post=994"}],"version-history":[{"count":26,"href":"https:\/\/www.nkvinica.hr\/index.php\/wp-json\/wp\/v2\/pages\/994\/revisions"}],"predecessor-version":[{"id":2148,"href":"https:\/\/www.nkvinica.hr\/index.php\/wp-json\/wp\/v2\/pages\/994\/revisions\/2148"}],"up":[{"embeddable":true,"href":"https:\/\/www.nkvinica.hr\/index.php\/wp-json\/wp\/v2\/pages\/58"}],"wp:attachment":[{"href":"https:\/\/www.nkvinica.hr\/index.php\/wp-json\/wp\/v2\/media?parent=994"}],"curies":[{"name":"wp","href":"https:\/\/api.w.org\/{rel}","templated":true}]}}