{"id":787,"date":"2017-04-17T09:28:16","date_gmt":"2017-04-17T07:28:16","guid":{"rendered":"https:\/\/www.nkvinica.hr\/?page_id=787"},"modified":"2017-04-21T16:00:33","modified_gmt":"2017-04-21T14:00:33","slug":"monografija-nogometnog-kluba-vinice","status":"publish","type":"page","link":"https:\/\/www.nkvinica.hr\/index.php\/klub\/monografija-nogometnog-kluba-vinice\/","title":{"rendered":"Monografija Nogometnog kluba Vinice"},"content":{"rendered":"<p>Monografija je prvenstveno namijenjena prijateljima i navija\u010dima Nogometnog kluba Vinica, a mogu\u0107e je da \u0107e zanimljive informacije o povijesti nogometnog sporta na\u0107i i \u0161iri krug zaljubljenika u nogomet ili sport op\u0107enito. Monografija je nastala kao \u017eelja autora za sa\u010duvanjem i djeljenjem prikupljenih informacija o povijesti kluba.<\/p>\n<p><img loading=\"lazy\" decoding=\"async\" class=\"alignnone wp-image-785 aligncenter\" src=\"https:\/\/www.nkvinica.hr\/wp-content\/uploads\/2017\/04\/Monografija_naslovnica.jpg\" alt=\"\" width=\"451\" height=\"619\" srcset=\"https:\/\/www.nkvinica.hr\/wp-content\/uploads\/2017\/04\/Monografija_naslovnica.jpg 684w, https:\/\/www.nkvinica.hr\/wp-content\/uploads\/2017\/04\/Monografija_naslovnica-218x300.jpg 218w, https:\/\/www.nkvinica.hr\/wp-content\/uploads\/2017\/04\/Monografija_naslovnica-93x128.jpg 93w, https:\/\/www.nkvinica.hr\/wp-content\/uploads\/2017\/04\/Monografija_naslovnica-23x32.jpg 23w\" sizes=\"auto, (max-width: 451px) 100vw, 451px\" \/><\/p>\n<p>U prvom poglavlju dan je pregled dosada\u0161nje povijesti kluba kroz opise, fotografije, tablice, zapisnike utakmica, isje\u010dke iz novina, nogometne anegdote i popise igra\u010da NK Vinice odre\u0111enih razdoblja. U drugom je poglavlju dan osvrt na razvoj ostalih selekcija kluba (pionira, juniora, veterana i lima\u0107a), a u tre\u0107em su spomenuti predsjednici, treneri i drugi du\u017enosnici NK Vinice. U \u010detvrtom su poglavlju evocirana sje\u0107anja na suradnju sa SK Dinamom iz Be\u010da, kao i na va\u017enije prijateljske utakmice seniora i veterana NK Vinice. U petom je poglavlju dan kratki osvrt na takti\u010dke fomacije koje je tijekom posljednjih pedesetak godina koristila seniorska mom\u010dad NK Vinice. U \u0161estom je poglavlju dan tabli\u010dni prikaz plasmana seniorske mom\u010dadi tijekom povijesti, a u pretposljednjem je poglavlju, u periodima od pribli\u017eno pet godina, napravljen pregled klubova Nogometnog saveza Vara\u017edin po razinama natjecanja unatrag pedesetak godina. U posljednjem su poglavlju spomenuti sponzori koji su podr\u017eavali rad kluba zadnjih desetlje\u0107a, kao i sponzori koji su financijski potpomogli tiskanje ove monografije.<\/p>\n<p><strong>Monografija Nogometnog kluba Vinica<\/strong> ima 112 stranica i sadr\u017ei 67 slika, 29 tablica, 40 izvadaka iz zapisnika nogometnih utakmica te 21 \u201enogometni \u0161tiklec\u201c (zanimljive pri\u010dice ili anegdote vezane uz NK Vinicu).<\/p>\n<p>Zainteresirani navija\u010di, biv\u0161i igra\u010di i prijatelji kluba koji bi \u017eeljeli nabaviti <em>Monografiju Nogometnog kluba Vinica<\/em> mogu se javiti e-mailom na <strong><a href=\"mailto:info@nkvinica.hr\">info@nkvinica.hr<\/a><\/strong> kako bi dobili detaljnije informacije o na\u010dinima realizacije nabave.<\/p>\n","protected":false},"excerpt":{"rendered":"<p>Monografija je prvenstveno namijenjena prijateljima i navija\u010dima Nogometnog kluba Vinica, a mogu\u0107e je da \u0107e zanimljive informacije o povijesti nogometnog &hellip; <\/p>\n","protected":false},"author":1,"featured_media":0,"parent":43,"menu_order":5,"comment_status":"closed","ping_status":"closed","template":"","meta":{"footnotes":""},"class_list":["post-787","page","type-page","status-publish","hentry"],"_links":{"self":[{"href":"https:\/\/www.nkvinica.hr\/index.php\/wp-json\/wp\/v2\/pages\/787","targetHints":{"allow":["GET"]}}],"collection":[{"href":"https:\/\/www.nkvinica.hr\/index.php\/wp-json\/wp\/v2\/pages"}],"about":[{"href":"https:\/\/www.nkvinica.hr\/index.php\/wp-json\/wp\/v2\/types\/page"}],"author":[{"embeddable":true,"href":"https:\/\/www.nkvinica.hr\/index.php\/wp-json\/wp\/v2\/users\/1"}],"replies":[{"embeddable":true,"href":"https:\/\/www.nkvinica.hr\/index.php\/wp-json\/wp\/v2\/comments?post=787"}],"version-history":[{"count":3,"href":"https:\/\/www.nkvinica.hr\/index.php\/wp-json\/wp\/v2\/pages\/787\/revisions"}],"predecessor-version":[{"id":790,"href":"https:\/\/www.nkvinica.hr\/index.php\/wp-json\/wp\/v2\/pages\/787\/revisions\/790"}],"up":[{"embeddable":true,"href":"https:\/\/www.nkvinica.hr\/index.php\/wp-json\/wp\/v2\/pages\/43"}],"wp:attachment":[{"href":"https:\/\/www.nkvinica.hr\/index.php\/wp-json\/wp\/v2\/media?parent=787"}],"curies":[{"name":"wp","href":"https:\/\/api.w.org\/{rel}","templated":true}]}}