{"id":62,"date":"2017-03-16T12:13:31","date_gmt":"2017-03-16T12:13:31","guid":{"rendered":"https:\/\/nkvinica.000webhostapp.com\/?page_id=62"},"modified":"2022-01-31T18:48:47","modified_gmt":"2022-01-31T17:48:47","slug":"galerija","status":"publish","type":"page","link":"https:\/\/www.nkvinica.hr\/index.php\/galerija\/","title":{"rendered":"Galerija"},"content":{"rendered":"<p>U galeriji fotografija mo\u017eete na\u0107i gotovo sve fotografije selekcija NK Vinice ikad snimljene. Obzirom na broj fotografija, sama je galerija podijeljena na tri dijela:<strong><br \/><\/strong><\/p>\n<ul>\n<li>\n<p><a href=\"https:\/\/www.nkvinica.hr\/index.php\/galerija\/galerija-prvaka\/\"><strong>Galerija prvaka <\/strong><\/a>sadr\u017ei fotografije i informacije o selekcijama NK Vinica koje su osvajala prva mjesta<\/p>\n<\/li>\n<li>\n<p><a href=\"https:\/\/www.nkvinica.hr\/index.php\/galerija\/nk-vinica-kroz-povijest\/\"><strong>NK Vinica kroz povijest<\/strong><\/a> sadr\u017ei sve sa\u010duvane fotografije selekcija NK Vinice od 1946. godine<\/p>\n<\/li>\n<li><a href=\"https:\/\/www.nkvinica.hr\/index.php\/galerija\/navijaci\/\"><strong>Galerija navija\u010da<\/strong><\/a> sadr\u017ei fotografije navija\u010da svih selekcija NK Vinice u trenucima navija\u010dke euforije<\/li>\n<\/ul>\n\n\n<p><\/p>\n","protected":false},"excerpt":{"rendered":"<p>U galeriji fotografija mo\u017eete na\u0107i gotovo sve fotografije selekcija NK Vinice ikad snimljene. Obzirom na broj fotografija, sama je galerija &hellip; <\/p>\n","protected":false},"author":1,"featured_media":0,"parent":0,"menu_order":4,"comment_status":"closed","ping_status":"closed","template":"","meta":{"footnotes":""},"class_list":["post-62","page","type-page","status-publish","hentry"],"_links":{"self":[{"href":"https:\/\/www.nkvinica.hr\/index.php\/wp-json\/wp\/v2\/pages\/62","targetHints":{"allow":["GET"]}}],"collection":[{"href":"https:\/\/www.nkvinica.hr\/index.php\/wp-json\/wp\/v2\/pages"}],"about":[{"href":"https:\/\/www.nkvinica.hr\/index.php\/wp-json\/wp\/v2\/types\/page"}],"author":[{"embeddable":true,"href":"https:\/\/www.nkvinica.hr\/index.php\/wp-json\/wp\/v2\/users\/1"}],"replies":[{"embeddable":true,"href":"https:\/\/www.nkvinica.hr\/index.php\/wp-json\/wp\/v2\/comments?post=62"}],"version-history":[{"count":9,"href":"https:\/\/www.nkvinica.hr\/index.php\/wp-json\/wp\/v2\/pages\/62\/revisions"}],"predecessor-version":[{"id":2025,"href":"https:\/\/www.nkvinica.hr\/index.php\/wp-json\/wp\/v2\/pages\/62\/revisions\/2025"}],"wp:attachment":[{"href":"https:\/\/www.nkvinica.hr\/index.php\/wp-json\/wp\/v2\/media?parent=62"}],"curies":[{"name":"wp","href":"https:\/\/api.w.org\/{rel}","templated":true}]}}