{"id":53,"date":"2017-03-16T12:06:43","date_gmt":"2017-03-16T11:06:43","guid":{"rendered":"https:\/\/nkvinica.000webhostapp.com\/?page_id=53"},"modified":"2023-10-23T17:44:05","modified_gmt":"2023-10-23T15:44:05","slug":"vodstvo-kluba","status":"publish","type":"page","link":"https:\/\/www.nkvinica.hr\/index.php\/klub\/vodstvo-kluba\/","title":{"rendered":"Tijela upravljanja i nadzora"},"content":{"rendered":"\n<p><strong><em>Skup\u0161tina NK Vinica:<\/em><\/strong> Skup\u0161tinu tvore svi redoviti \u010dlanovi NK Vinica.<\/p>\n\n\n\n<p><strong><em>Izvr\u0161ni odbor<\/em><\/strong>: Milan \u0160ipek (predsjednik), Marko Mesek (dopredsjednik), Mario Hrn\u010di\u0107 (tajnik),  Davor Matoc, Matija Prizl, Mile Mikulan, Mario Ladika, Darko Lazar, Bojan Lazar (\u010dlanovi IO).<\/p>\n\n\n\n<p><strong><em>Nadzorni odbor<\/em><\/strong>: Zlatko Erjavec (predsjednik), Dra\u017een Gerbus, Ivica Kova\u010di\u0107 (\u010dlanovi)<\/p>\n\n\n\n<p><strong><em>Sud \u010dasti<\/em><\/strong>: Marijan Majcen (predsjednik), Nenad Kova\u010di\u0107, Miroslav Krznar (\u010dlanovi)<\/p>\n\n\n\n<h2 class=\"wp-block-heading\"><\/h2>\n","protected":false},"excerpt":{"rendered":"<p>Skup\u0161tina NK Vinica: Skup\u0161tinu tvore svi redoviti \u010dlanovi NK Vinica. Izvr\u0161ni odbor: Milan \u0160ipek (predsjednik), Marko Mesek (dopredsjednik), Mario Hrn\u010di\u0107 &hellip; <\/p>\n","protected":false},"author":1,"featured_media":0,"parent":43,"menu_order":1,"comment_status":"closed","ping_status":"closed","template":"","meta":{"footnotes":""},"class_list":["post-53","page","type-page","status-publish","hentry"],"_links":{"self":[{"href":"https:\/\/www.nkvinica.hr\/index.php\/wp-json\/wp\/v2\/pages\/53","targetHints":{"allow":["GET"]}}],"collection":[{"href":"https:\/\/www.nkvinica.hr\/index.php\/wp-json\/wp\/v2\/pages"}],"about":[{"href":"https:\/\/www.nkvinica.hr\/index.php\/wp-json\/wp\/v2\/types\/page"}],"author":[{"embeddable":true,"href":"https:\/\/www.nkvinica.hr\/index.php\/wp-json\/wp\/v2\/users\/1"}],"replies":[{"embeddable":true,"href":"https:\/\/www.nkvinica.hr\/index.php\/wp-json\/wp\/v2\/comments?post=53"}],"version-history":[{"count":14,"href":"https:\/\/www.nkvinica.hr\/index.php\/wp-json\/wp\/v2\/pages\/53\/revisions"}],"predecessor-version":[{"id":2131,"href":"https:\/\/www.nkvinica.hr\/index.php\/wp-json\/wp\/v2\/pages\/53\/revisions\/2131"}],"up":[{"embeddable":true,"href":"https:\/\/www.nkvinica.hr\/index.php\/wp-json\/wp\/v2\/pages\/43"}],"wp:attachment":[{"href":"https:\/\/www.nkvinica.hr\/index.php\/wp-json\/wp\/v2\/media?parent=53"}],"curies":[{"name":"wp","href":"https:\/\/api.w.org\/{rel}","templated":true}]}}