{"id":51,"date":"2017-03-16T12:05:15","date_gmt":"2017-03-16T11:05:15","guid":{"rendered":"https:\/\/nkvinica.000webhostapp.com\/?page_id=51"},"modified":"2026-01-29T18:42:18","modified_gmt":"2026-01-29T17:42:18","slug":"povijest","status":"publish","type":"page","link":"https:\/\/www.nkvinica.hr\/index.php\/klub\/povijest\/","title":{"rendered":"Povijest"},"content":{"rendered":"<p style=\"text-align: left;\">Nedugo po zavr\u0161etku Drugog svjetskog rata okupila se u Vinici, tada kotarskom sredi\u0161tu, grupa entuzijasta i uglednih gra\u0111ana s namjerom da osnuju sportsko dru\u0161tvo (&#8220;Fizkulturni aktiv&#8221;) u okviru kojeg bi djelovala i nogometna sekcija. Osniva\u010dka skup\u0161tina odr\u017eana je 26. lipnja 1946. godine, a temeljni poticaj bio je okupljanje mladih te promicanje, razvoj i unaprje\u0111enje sporta, op\u0107enito, a posebno i nogometa.<\/p>\n<p>Na osniva\u010dkoj je skup\u0161tini za prvog predsjednika dru\u0161tva izabrana gospo\u0111a Marija Ladika. Za tajnika je izabran gospodin Petar Grah, tada\u0161nji vini\u010dki u\u010ditelj, a za potpredsjednika vini\u010dki \u017eupnik vele\u010dasni Miroslav Vernik. Za prvog blagajnika izabrana je gospo\u0111a Nada Gerbus, za tehni\u010dkog referenta gospodin Stjepan Pajtlar, a za prvog trenera gospodin Vlado Bednarek. Prvo nogometno igrali\u0161te nalazilo na dana\u0161njim povr\u0161inama srednjo\u0161kolskog centra &#8220;Arboretum Opeka&#8221;, da bi se ne\u0161to kasnije preselilo na livade iza zgrade dana\u0161nje Op\u0107ine Vinica.<\/p>\n<p>Nogometa\u0161i Vinice prvu su poslijeratnu nogometnu utakmicu odigrali u Lepoglavi 1. rujna 1946. godine u sljede\u0107em sastavu: Branko Pun\u010dec &#8211; Vever(ica), Tito Grah, Vladimir Bednarek &#8211; Plantavi, Marko Mihalina, Dragutin Peri\u0107, Stjepan Pajtlar, Miroslav Le\u0161nik, Josip Rajner, Milan Haslinger, Izidor Kralj i Ivan Gerbus.<\/p>\n<p>U organizirano natjecanje u Op\u0107inskoj ligi Vara\u017edin nogometa\u0161i Vinice uklju\u010dili su se ve\u0107 1947., a prvi uspjeh postignut je 1949. godine kada Vinica uvjerljivo osvaja prvo mjesto u tada\u0161njoj Kotarskoj ligi.<\/p>\n<p>Po\u010detkom pedesetih godina, Op\u0107ina Vinica i tada\u0161nji \u017eupnik, vele\u010dasni Vernik, poklanjaju nogometnim entuzijastima povr\u0161inu za izgradnju novog nogometnog igrali\u0161ta na lokaciji na kojoj se ono nalazi i danas.<\/p>\n<p>Tijekom pedesetih godina istaknutiji vini\u010dki nogometa\u0161i su Dobroti\u0107 Josip, Hohnjec Mirko, Jakopanec Ivan, Kasun Marko, Kiri\u0107 Sre\u0107ko, Kostanjevec Milan, Kostanjevec Tomo, Kova\u010d Josip, Kova\u010di\u0107 Ivan, Kova\u010di\u0107 Mijo, Krznar Milan, Lazar Tomo, Martin\u010devi\u0107 Dragutin, Pajtlar Antun, Pajtlar Pavao, Pajtlar Stjepan, Pun\u010dec Branko, Rajner Josip, Sodar Tomo, Strelec Mirko i Varja\u010di\u0107 Vlado.<\/p>\n<p>Sredinom pedesetih godina \u0161iri se popis klubova s kojima NK Vinica odr\u017eava prijateljske veze. Uz klubove iz \u0161ire okolice, odigravane su prijateljske utakmice i s NK Ormo\u017eom, NK Lokomotivom (Zagreb), NK Dravom (Ptuj), NK Slogom (\u010cakovec), NK Ljutomerom, NK Gajem (Ma\u010de) itd.<\/p>\n<p>\u0160ezdesetih godina dvadesetog stolje\u0107a NK Vinica je ve\u0107 prepoznat kao klub s tradicijom koja name\u0107e odgovornost postizanja boljih sportskih rezultata. U igra\u010dkom smislu svoju zrelost posti\u017ee generacija s kraja pedesetih, no dolazi i do stasanja mlade generacije koja \u0107e krajem \u0161ezdesetih izrasti u respektabilnu mom\u010dad.<\/p>\n<p>Tijekom \u0161ezdesetih istaknutiji vini\u010dki nogometa\u0161i su Bahun Josip, Banfi\u0107 Ivan, Fadiga Stjepan, Galekovi\u0107 Ivan, Galekovi\u0107 Tomo, Galovi\u0107 Stjepan, Gerbus Marko, Gerbus Zvonko, Gradi\u010dek Ivan, Hohnjec Mirko, Iva\u010di\u0107 Marko, Ivan\u010di\u0107 Slavko, Krznar Milan, Lazar Marko, Lazar Milan, Levani\u0107 Josip, Mumlek Ivan, Sodar Tomo, Strelec Marko, Strelec Mirko, Vukeli\u0107 \u017deljko, \u017dupani\u0107 Josip i \u017dupani\u0107 Milan.<\/p>\n<p>Pvi ve\u0107i rezultatski uspjeh nakon kraja \u010detrdesetih u sezoni 1970.\/71. posti\u017ee generacija u kojoj nastupaju Ivan Banfi\u0107, \u017deljko Vukeli\u0107, Ivan Kova\u010di\u0107, Ivan Mumlek, Marko Gerbus, Stjepan Fadiga, Stjepan Galovi\u0107, Zvonko Gerbus, Josip Sambolec i drugi, osvojiv\u0161i prvo mjesto u Op\u0107inskoj ligi.<\/p>\n<p>Godine 1977.\/78. u sklopu nogometnog igrali\u0161ta zapo\u010dinje izgradnja sportskog objekta. Inicijatori tog projekta bili su Mjesna zajednica Vinica, Osnovna \u0161kola Vinica, te \u010dlanovi Miljenko Biankini, Ivan Mumlek, Marko Gerbus, Ivan Kova\u010di\u0107, Stjepan Galovi\u0107, te ostali sportu skloni mje\u0161tani Vinice.<\/p>\n<p>Nakon nekoliko godina osrednjih rezultata u natjecateljskoj sezoni 1983.\/84. dolazi do organiziranijeg rada \u0161to rezultira novim postignutim uspjehom. U prvenstvu je osvojeno drugo mjesto koje donosi kvalifikacije za ulazak u Ligu zajednice op\u0107ina Vara\u017edin, a u kupu NK Vinica dolazi do poluzavr\u0161nice Op\u0107inskog nogometnog kupa Vara\u017edin gdje se sastaje s ekipom NK Varteks iz Vara\u017edina. U toj su generaciji za NK Vinicu nastupali Zvonko Mesek, Zvonko Pajtlar, Marijan i Vlado Prizl, Josip Martinjak; Tomo Erjavec, Stjepan Trstenjak, Milan \u0160ipek, Josip Sodar, Stanko Lazar, Tomo Boltek, Zvonko Gerbus, Josip Ivan\u010di\u0107 i drugi.<\/p>\n<p>Do novog rezultatskog iskoraka trebalo se \u010dekati idu\u0107ih desetak godina. 1993. godine, dobiv\u0161i novog sponzora, firmu &#8220;Crodel&#8221; iz Vara\u017edina, NK Vinica mijenja ime u NK Crodel iz Vinice. Uz vrlodobru suradnju sa sponzorom dolazi do boljih uvjeta, a posljedi\u010dno i do boljih rezultata. Tako NK Vinica u sezoni 1993.\/94. uvjerljivo osvaja prvo mjesto u I. \u017eupanijskoj ligi Vara\u017edin i idu\u0107e sezone nastupa u IV. hrvatskoj nogometnoj ligi. Te natjecateljske sezone seniorska mom\u010dad opet visokim plasmanom na ljestvici, kroz reorganizaciju natjecanja, dobija priliku nastupati u dotad za klub najvi\u0161em rangu natjecanja, III. hrvatskoj nogometnoj ligi.<\/p>\n<p>U III. hrvatskoj nogometnoj ligi NK Vinica nastupa u sezonama 1995.\/96., 1996.\/97. i 1997.\/98. a najbolji uspjeh posti\u017ee sezone 1996.\/97. osvojiv\u0161i \u0161esto mjesto od \u0161esnaest mom\u010dadi.<\/p>\n<p>Generaciju koja je za svega tri godine od op\u0107inskog liga\u0161a stvorila stabilnog tre\u0107eliga\u0161a, \u010dinili su igra\u010di Miljenko Gerbus, Dra\u017een i Mario Gerbus, Zlatko Erjavec, Ivica Trstenjak, Stanko Kukec, Josip Sodar, Miroslav Pi\u017eeta, Miroslav Farka\u0161, Denis Buden, Mario Hrn\u010di\u0107, Nenad Kova\u010di\u0107, Davor Matoc, Sini\u0161a Martin\u010devi\u0107 i Zoran Toma\u0161ek.<\/p>\n<p>Sezone 1998.\/99. opet dolazi do reorganizacije natjecanja, a zbog lo\u0161ijeg plasmana seniorske mom\u010dadi prethodne godine, klub je raspore\u0111en u I. \u017eupanijsku ligu Vara\u017edin. Od te godine nastavljaju se na\u017ealost prosje\u010dni natjecateljski uspjesi iz kojih se jedino mo\u017ee izdvojiti rezultatski katastrofalna sezona 1999.\/2000. u kojoj klub ispada u II. \u017eupanijsku ligu Vara\u017edin. Tako\u0111er iste godine Skup\u0161tina kluba donosi odluku o ponovnom vra\u0107anju imena NK Vinica.<\/p>\n<p>Prvih nekoliko godina dvadeset i prvog stolje\u0107a seniorska mom\u010dad ostvaruje prosje\u010dne rezultate plasmanima u sredini tablice. Kao najbolji rezultat iz tog doba, vrijedno je spomena 4. mjesto natjecateljske sezone 2000.\/01. Najzapa\u017eeniji rezultati krajem prvog desetlje\u0107a novog stolje\u0107a su osvojena 4. mjesta natjecateljskih sezona 2007.\/08. i 2008.\/09. Iako je krajem jesenskog dijela, a i tijekom ve\u0107ine proljetnog dijela natjecateljske sezone 2008.\/09. NK Vinica dr\u017eala drugo mjesto na tablici, na kraju ipak nisu nadma\u0161eni plasmani iz 2001. i 2008.<\/p>\n<p>U slijede\u0107ih nekoliko godina poku\u0161avala se okupiti i zadr\u017eati na okupu mom\u010dad koja bi napravila novi rezultatski iskorak. Iako talenta nije nedostajalo, uslijed promjenjivog radnog vremena i rada na terenu, to je gotovo nemogu\u0107a misija. Posljedica re\u010denog su na\u017ealost bili i prosje\u010dni rezultati koji nisu nadma\u0161ili plasman iznad \u010detvrtog mjesta na ljestvici.<\/p>\n<p>Do novog rezultatskog iskoraka dolazi sezone 2017.\/18. kada NK Vinica postaje prvak II. \u017dNL Vara\u017edin, a idu\u0107e sezone 2018.\/19. i viceprvak I. \u017dNL Vara\u017edin. Tih su godina za NK Vinicu nastupali Matija Lazar, Mateo Pi\u017eeta, Alen Kokotec, Nikola Kostervajn, Marino\u00a0 Kralj, Darko Lazar, Tomica Korpar, Sandi Martan, Igor Bahun, Dario \u0160incek, Mislav \u0160incek, Zoran Mikac, Aleksandar Ivan\u010dov, &#8230;<\/p>\n<p>Na\u017ealost, nakon povla\u010denja sponzora, mom\u010dad se raspada i NK Vinica ne uspijeva odr\u017eati na okupu seniorsku mom\u010dad te se ista ne natje\u010de natjecateljske sezone 2019.\/20. Seniorska je mom\u010dad ponovo oformljena odmah idu\u0107e godine, no uslijed jednogodi\u0161njeg prekida, natjecanje u &#8220;korona&#8221; sezoni 2020.\/21. mora zapo\u010deti iz najni\u017eeg ranga natjecanja, III. \u017dNL\u00a0 Vara\u017edin. Posljednjih nekoliko godina stvara se mom\u010dad koja \u0107e, nadamo se u skoroj budu\u0107nosti, ostvariti plasmane u vi\u0161e lige.<\/p>\n\n\n<p><\/p>\n","protected":false},"excerpt":{"rendered":"<p>Nedugo po zavr\u0161etku Drugog svjetskog rata okupila se u Vinici, tada kotarskom sredi\u0161tu, grupa entuzijasta i uglednih gra\u0111ana s namjerom &hellip; <\/p>\n","protected":false},"author":1,"featured_media":0,"parent":43,"menu_order":0,"comment_status":"closed","ping_status":"closed","template":"","meta":{"footnotes":""},"class_list":["post-51","page","type-page","status-publish","hentry"],"_links":{"self":[{"href":"https:\/\/www.nkvinica.hr\/index.php\/wp-json\/wp\/v2\/pages\/51","targetHints":{"allow":["GET"]}}],"collection":[{"href":"https:\/\/www.nkvinica.hr\/index.php\/wp-json\/wp\/v2\/pages"}],"about":[{"href":"https:\/\/www.nkvinica.hr\/index.php\/wp-json\/wp\/v2\/types\/page"}],"author":[{"embeddable":true,"href":"https:\/\/www.nkvinica.hr\/index.php\/wp-json\/wp\/v2\/users\/1"}],"replies":[{"embeddable":true,"href":"https:\/\/www.nkvinica.hr\/index.php\/wp-json\/wp\/v2\/comments?post=51"}],"version-history":[{"count":11,"href":"https:\/\/www.nkvinica.hr\/index.php\/wp-json\/wp\/v2\/pages\/51\/revisions"}],"predecessor-version":[{"id":2173,"href":"https:\/\/www.nkvinica.hr\/index.php\/wp-json\/wp\/v2\/pages\/51\/revisions\/2173"}],"up":[{"embeddable":true,"href":"https:\/\/www.nkvinica.hr\/index.php\/wp-json\/wp\/v2\/pages\/43"}],"wp:attachment":[{"href":"https:\/\/www.nkvinica.hr\/index.php\/wp-json\/wp\/v2\/media?parent=51"}],"curies":[{"name":"wp","href":"https:\/\/api.w.org\/{rel}","templated":true}]}}