{"id":46,"date":"2017-03-16T11:59:16","date_gmt":"2017-03-16T10:59:16","guid":{"rendered":"https:\/\/nkvinica.000webhostapp.com\/?page_id=46"},"modified":"2023-10-16T19:12:32","modified_gmt":"2023-10-16T17:12:32","slug":"dobrodosli","status":"publish","type":"page","link":"https:\/\/www.nkvinica.hr\/index.php\/dobrodosli\/","title":{"rendered":"Dobrodo\u0161li"},"content":{"rendered":"<p align=\"justify\"><span style=\"color: #000000;\"><strong>Po\u0161tovani posjetitelji,<br \/>\n<\/strong> <\/span><br \/>\n<span style=\"color: #000000;\">pozdravljamo Vas u ime N<strong>ogometnog kluba Vinica <\/strong>i zahvaljujemo \u0161to nas pratite i podr\u017eavate na\u0161 rad.<br \/>\n<\/span><span style=\"color: #000000;\"><br \/>\nSeniorska mom\u010dad NK Vinica trenutno se natje\u010de u III. \u017eupanijskoj nogometnoj ligi &#8211; skupina Vara\u017edin\u00a0 \u017dupanijskog nogometnog saveza Vara\u017edin (<a href=\"http:\/\/zns-varazdin.hr\">\u017dNS Vara\u017edin<\/a>). <\/span><\/p>\n<p align=\"justify\"><span style=\"color: #000000;\">NK Vinica je neprofitna organizacija osnovana s ciljem okupljanja mladih, promicanja i unapre\u0111ivanja nogometnog sporta te razvijanja odgojnih, moralnih, eti\u010dkih i sportskih vrijednosti kod svojih \u010dlanova. <\/span><br \/>\n<span style=\"color: #000000;\"><br \/>\n<span style=\"color: #000000;\">Ako prepoznajete rad i trud na\u0161ih \u010dlanova i \u017eelite nam pomo\u0107i, molimo Vas da se u\u010dlanite u Klub ili da nam pomognete putem donacija ili kroz neku drugu vrstu pomo\u0107i <span class=\"style151\">koja \u0107e pridonijeti razvoju Kluba i sporta u na\u0161em kraju<\/span>.<\/span><\/span><\/p>\n<p><strong><span style=\"color: #000000;\">Nadamo se uspje\u0161noj sportskoj suradnji i unaprijed Vam se zahvaljujemo. Pratite nas i dalje.<\/span><br \/>\n<\/strong><\/p>\n<p><span style=\"color: #000000;\"><strong>Sportski pozdrav!<\/strong><\/span><br \/>\n<span class=\"textNaslovMali\">Izvr\u0161ni odbor<\/span> NK Vinica<\/p>\n","protected":false},"excerpt":{"rendered":"<p>Po\u0161tovani posjetitelji, pozdravljamo Vas u ime Nogometnog kluba Vinica i zahvaljujemo \u0161to nas pratite i podr\u017eavate na\u0161 rad. Seniorska mom\u010dad &hellip; <\/p>\n","protected":false},"author":1,"featured_media":0,"parent":0,"menu_order":1,"comment_status":"closed","ping_status":"closed","template":"","meta":{"footnotes":""},"class_list":["post-46","page","type-page","status-publish","hentry"],"_links":{"self":[{"href":"https:\/\/www.nkvinica.hr\/index.php\/wp-json\/wp\/v2\/pages\/46","targetHints":{"allow":["GET"]}}],"collection":[{"href":"https:\/\/www.nkvinica.hr\/index.php\/wp-json\/wp\/v2\/pages"}],"about":[{"href":"https:\/\/www.nkvinica.hr\/index.php\/wp-json\/wp\/v2\/types\/page"}],"author":[{"embeddable":true,"href":"https:\/\/www.nkvinica.hr\/index.php\/wp-json\/wp\/v2\/users\/1"}],"replies":[{"embeddable":true,"href":"https:\/\/www.nkvinica.hr\/index.php\/wp-json\/wp\/v2\/comments?post=46"}],"version-history":[{"count":33,"href":"https:\/\/www.nkvinica.hr\/index.php\/wp-json\/wp\/v2\/pages\/46\/revisions"}],"predecessor-version":[{"id":2119,"href":"https:\/\/www.nkvinica.hr\/index.php\/wp-json\/wp\/v2\/pages\/46\/revisions\/2119"}],"wp:attachment":[{"href":"https:\/\/www.nkvinica.hr\/index.php\/wp-json\/wp\/v2\/media?parent=46"}],"curies":[{"name":"wp","href":"https:\/\/api.w.org\/{rel}","templated":true}]}}