{"id":38,"date":"2017-03-14T15:08:36","date_gmt":"2017-03-14T14:08:36","guid":{"rendered":"https:\/\/nkvinica.000webhostapp.com\/?page_id=38"},"modified":"2022-01-07T21:32:01","modified_gmt":"2022-01-07T20:32:01","slug":"kontakt","status":"publish","type":"page","link":"https:\/\/www.nkvinica.hr\/index.php\/kontakt\/","title":{"rendered":"Kontakt"},"content":{"rendered":"<p style=\"text-align: center;\"><img loading=\"lazy\" decoding=\"async\" class=\"alignnone size-full wp-image-544\" src=\"https:\/\/www.nkvinica.hr\/wp-content\/uploads\/2017\/03\/magnet-kontaktirajte-nas_1.png\" alt=\"\" width=\"768\" height=\"200\" srcset=\"https:\/\/www.nkvinica.hr\/wp-content\/uploads\/2017\/03\/magnet-kontaktirajte-nas_1.png 768w, https:\/\/www.nkvinica.hr\/wp-content\/uploads\/2017\/03\/magnet-kontaktirajte-nas_1-300x78.png 300w, https:\/\/www.nkvinica.hr\/wp-content\/uploads\/2017\/03\/magnet-kontaktirajte-nas_1-128x33.png 128w, https:\/\/www.nkvinica.hr\/wp-content\/uploads\/2017\/03\/magnet-kontaktirajte-nas_1-32x8.png 32w\" sizes=\"auto, (max-width: 768px) 100vw, 768px\" \/><\/p>\n<p style=\"text-align: center;\">E-mail: <a href=\"mailto:info@nkvinica.hr\"><strong>info@nkvinica.hr<\/strong><\/a><\/p>\n<table class=\"tg\" style=\"table-layout: fixed; width: 725px; border-color: black; margin-left: auto; margin-right: auto;\" border=\"1\">\n<colgroup>\n<col style=\"width: 194px;\" \/>\n<col style=\"width: 309px;\" \/>\n<col style=\"width: 222px;\" \/> <\/colgroup>\n<tbody>\n<tr>\n<th class=\"tg-sez6\">Ime i prezime<\/th>\n<th class=\"tg-sez6\">Funkcija<\/th>\n<th class=\"tg-sez6\">Broj mobitela<\/th>\n<\/tr>\n<tr>\n<td class=\"tg-5ott\">Mario Hrn\u010di\u0107<\/td>\n<td class=\"tg-5ott\">tajnik NK Vinica<\/td>\n<td class=\"tg-5ott\">+385 99 517 9093<\/td>\n<\/tr>\n<tr>\n<td class=\"tg-5ott\"><\/td>\n<td class=\"tg-5ott\"><\/td>\n<td class=\"tg-5ott\"><\/td>\n<\/tr>\n<tr>\n<td class=\"tg-5ott\"><\/td>\n<td class=\"tg-5ott\"><\/td>\n<td class=\"tg-5ott\"><\/td>\n<\/tr>\n<tr>\n<td class=\"tg-5ott\"><\/td>\n<td class=\"tg-5ott\"><\/td>\n<td class=\"tg-5ott\"><\/td>\n<\/tr>\n<tr>\n<td class=\"tg-5ott\"><\/td>\n<td class=\"tg-5ott\"><\/td>\n<td class=\"tg-5ott\"><\/td>\n<\/tr>\n<tr>\n<td class=\"tg-m6ty\"><\/td>\n<td class=\"tg-m6ty\"><\/td>\n<td class=\"tg-m6ty\"><\/td>\n<\/tr>\n<tr>\n<td class=\"tg-m6ty\"><\/td>\n<td class=\"tg-m6ty\"><\/td>\n<td class=\"tg-m6ty\"><\/td>\n<\/tr>\n<tr>\n<td class=\"tg-m6ty\"><\/td>\n<td class=\"tg-m6ty\"><\/td>\n<td class=\"tg-m6ty\"><\/td>\n<\/tr>\n<\/tbody>\n<\/table>\n<div style=\"text-align: center;\">Adresa:<\/div>\n<div style=\"text-align: center;\"><span style=\"color: #173d56;\"><strong>Mar\u010dan, Vini\u010dka 7b<\/strong><\/span><\/div>\n<div style=\"text-align: center;\"><span style=\"color: #173d56;\"><strong>42207 Vinica<\/strong><\/span><\/div>\n","protected":false},"excerpt":{"rendered":"<p>E-mail: info@nkvinica.hr Ime i prezime Funkcija Broj mobitela Mario Hrn\u010di\u0107 tajnik NK Vinica +385 99 517 9093 Adresa: Mar\u010dan, Vini\u010dka &hellip; <\/p>\n","protected":false},"author":1,"featured_media":0,"parent":0,"menu_order":7,"comment_status":"closed","ping_status":"closed","template":"","meta":{"footnotes":""},"class_list":["post-38","page","type-page","status-publish","hentry"],"_links":{"self":[{"href":"https:\/\/www.nkvinica.hr\/index.php\/wp-json\/wp\/v2\/pages\/38","targetHints":{"allow":["GET"]}}],"collection":[{"href":"https:\/\/www.nkvinica.hr\/index.php\/wp-json\/wp\/v2\/pages"}],"about":[{"href":"https:\/\/www.nkvinica.hr\/index.php\/wp-json\/wp\/v2\/types\/page"}],"author":[{"embeddable":true,"href":"https:\/\/www.nkvinica.hr\/index.php\/wp-json\/wp\/v2\/users\/1"}],"replies":[{"embeddable":true,"href":"https:\/\/www.nkvinica.hr\/index.php\/wp-json\/wp\/v2\/comments?post=38"}],"version-history":[{"count":96,"href":"https:\/\/www.nkvinica.hr\/index.php\/wp-json\/wp\/v2\/pages\/38\/revisions"}],"predecessor-version":[{"id":1971,"href":"https:\/\/www.nkvinica.hr\/index.php\/wp-json\/wp\/v2\/pages\/38\/revisions\/1971"}],"wp:attachment":[{"href":"https:\/\/www.nkvinica.hr\/index.php\/wp-json\/wp\/v2\/media?parent=38"}],"curies":[{"name":"wp","href":"https:\/\/api.w.org\/{rel}","templated":true}]}}