{"id":280,"date":"2017-03-18T00:52:00","date_gmt":"2017-03-17T23:52:00","guid":{"rendered":"https:\/\/nkvinica.000webhostapp.com\/?page_id=280"},"modified":"2026-01-29T18:50:02","modified_gmt":"2026-01-29T17:50:02","slug":"juniorska-ekipa","status":"publish","type":"page","link":"https:\/\/www.nkvinica.hr\/index.php\/ekipe\/juniorska-ekipa\/","title":{"rendered":"Kadeti\/Juniori (U-18)"},"content":{"rendered":"<p>Igra\u010di NK Vinica starosti izme\u0111u 15 i 18 godina dio su ekipe Kadeta\/Juniora (U-18) Nogometnog centra Maru\u0161evec-Vinica i natje\u010du se u \u017dupanijskoj ligi nogometnih centara Vara\u017edin. Trener ekipe U-18 je Goran \u0160kundri\u0107.<\/p>\n<p>Tablicu, rezultate i raspored natjecanja mo\u017eete pratiti na ovoj <a href=\"https:\/\/zns-varazdin.hr\/\">poveznici.<\/a><\/p>\n\n\n<figure class=\"wp-block-image size-large is-style-default\"><img loading=\"lazy\" decoding=\"async\" width=\"1024\" height=\"682\" src=\"https:\/\/www.nkvinica.hr\/wp-content\/uploads\/2026\/01\/U18_2026-1024x682.jpg\" alt=\"\" class=\"wp-image-2149\" srcset=\"https:\/\/www.nkvinica.hr\/wp-content\/uploads\/2026\/01\/U18_2026-1024x682.jpg 1024w, https:\/\/www.nkvinica.hr\/wp-content\/uploads\/2026\/01\/U18_2026-300x200.jpg 300w, https:\/\/www.nkvinica.hr\/wp-content\/uploads\/2026\/01\/U18_2026-768x511.jpg 768w, https:\/\/www.nkvinica.hr\/wp-content\/uploads\/2026\/01\/U18_2026-1536x1022.jpg 1536w, https:\/\/www.nkvinica.hr\/wp-content\/uploads\/2026\/01\/U18_2026-2048x1363.jpg 2048w, https:\/\/www.nkvinica.hr\/wp-content\/uploads\/2026\/01\/U18_2026-128x85.jpg 128w, https:\/\/www.nkvinica.hr\/wp-content\/uploads\/2026\/01\/U18_2026-32x21.jpg 32w\" sizes=\"auto, (max-width: 1024px) 100vw, 1024px\" \/><\/figure>\n","protected":false},"excerpt":{"rendered":"<p>Igra\u010di NK Vinica starosti izme\u0111u 15 i 18 godina dio su ekipe Kadeta\/Juniora (U-18) Nogometnog centra Maru\u0161evec-Vinica i natje\u010du se &hellip; <\/p>\n","protected":false},"author":1,"featured_media":0,"parent":58,"menu_order":1,"comment_status":"closed","ping_status":"closed","template":"","meta":{"footnotes":""},"class_list":["post-280","page","type-page","status-publish","hentry"],"_links":{"self":[{"href":"https:\/\/www.nkvinica.hr\/index.php\/wp-json\/wp\/v2\/pages\/280","targetHints":{"allow":["GET"]}}],"collection":[{"href":"https:\/\/www.nkvinica.hr\/index.php\/wp-json\/wp\/v2\/pages"}],"about":[{"href":"https:\/\/www.nkvinica.hr\/index.php\/wp-json\/wp\/v2\/types\/page"}],"author":[{"embeddable":true,"href":"https:\/\/www.nkvinica.hr\/index.php\/wp-json\/wp\/v2\/users\/1"}],"replies":[{"embeddable":true,"href":"https:\/\/www.nkvinica.hr\/index.php\/wp-json\/wp\/v2\/comments?post=280"}],"version-history":[{"count":25,"href":"https:\/\/www.nkvinica.hr\/index.php\/wp-json\/wp\/v2\/pages\/280\/revisions"}],"predecessor-version":[{"id":2177,"href":"https:\/\/www.nkvinica.hr\/index.php\/wp-json\/wp\/v2\/pages\/280\/revisions\/2177"}],"up":[{"embeddable":true,"href":"https:\/\/www.nkvinica.hr\/index.php\/wp-json\/wp\/v2\/pages\/58"}],"wp:attachment":[{"href":"https:\/\/www.nkvinica.hr\/index.php\/wp-json\/wp\/v2\/media?parent=280"}],"curies":[{"name":"wp","href":"https:\/\/api.w.org\/{rel}","templated":true}]}}