{"id":1817,"date":"2021-12-28T20:57:14","date_gmt":"2021-12-28T19:57:14","guid":{"rendered":"https:\/\/www.nkvinica.hr\/?page_id=1817"},"modified":"2023-10-23T17:41:18","modified_gmt":"2023-10-23T15:41:18","slug":"osnovne-informacije","status":"publish","type":"page","link":"https:\/\/www.nkvinica.hr\/index.php\/dobrodosli\/osnovne-informacije\/","title":{"rendered":"Osnovne informacije"},"content":{"rendered":"\n<p>Naziv: <strong>Nogometni klub Vinica<\/strong><\/p>\n\n\n\n<p>Sjedi\u0161te: <strong>Mar\u010dan, Vini\u010dka ulica 7B, 42207 VINICA<\/strong><\/p>\n\n\n\n<p>OIB: <strong>66643087057<\/strong><\/p>\n\n\n\n<p>MB: 3390543<\/p>\n\n\n\n<p>IBAN: <strong>HR4623600001101744166<\/strong><\/p>\n\n\n\n<p>Osobe ovla\u0161tene za zastupanje: <\/p>\n\n\n\n<p>Milan \u0160ipek OIB 70410064492<\/p>\n\n\n\n<p>Mario Hrn\u010di\u0107 OIB 10609835778<\/p>\n\n\n\n<p><\/p>\n","protected":false},"excerpt":{"rendered":"<p>Naziv: Nogometni klub Vinica Sjedi\u0161te: Mar\u010dan, Vini\u010dka ulica 7B, 42207 VINICA OIB: 66643087057 MB: 3390543 IBAN: HR4623600001101744166 Osobe ovla\u0161tene za &hellip; <\/p>\n","protected":false},"author":2,"featured_media":0,"parent":46,"menu_order":0,"comment_status":"closed","ping_status":"closed","template":"","meta":{"footnotes":""},"class_list":["post-1817","page","type-page","status-publish","hentry"],"_links":{"self":[{"href":"https:\/\/www.nkvinica.hr\/index.php\/wp-json\/wp\/v2\/pages\/1817","targetHints":{"allow":["GET"]}}],"collection":[{"href":"https:\/\/www.nkvinica.hr\/index.php\/wp-json\/wp\/v2\/pages"}],"about":[{"href":"https:\/\/www.nkvinica.hr\/index.php\/wp-json\/wp\/v2\/types\/page"}],"author":[{"embeddable":true,"href":"https:\/\/www.nkvinica.hr\/index.php\/wp-json\/wp\/v2\/users\/2"}],"replies":[{"embeddable":true,"href":"https:\/\/www.nkvinica.hr\/index.php\/wp-json\/wp\/v2\/comments?post=1817"}],"version-history":[{"count":5,"href":"https:\/\/www.nkvinica.hr\/index.php\/wp-json\/wp\/v2\/pages\/1817\/revisions"}],"predecessor-version":[{"id":2130,"href":"https:\/\/www.nkvinica.hr\/index.php\/wp-json\/wp\/v2\/pages\/1817\/revisions\/2130"}],"up":[{"embeddable":true,"href":"https:\/\/www.nkvinica.hr\/index.php\/wp-json\/wp\/v2\/pages\/46"}],"wp:attachment":[{"href":"https:\/\/www.nkvinica.hr\/index.php\/wp-json\/wp\/v2\/media?parent=1817"}],"curies":[{"name":"wp","href":"https:\/\/api.w.org\/{rel}","templated":true}]}}