{"id":1783,"date":"2021-12-27T23:05:51","date_gmt":"2021-12-27T22:05:51","guid":{"rendered":"https:\/\/www.nkvinica.hr\/?page_id=1783"},"modified":"2026-01-29T18:52:07","modified_gmt":"2026-01-29T17:52:07","slug":"pocetnici-u-11","status":"publish","type":"page","link":"https:\/\/www.nkvinica.hr\/index.php\/ekipe\/pocetnici-u-11\/","title":{"rendered":"Po\u010detnici (U-11)"},"content":{"rendered":"\n<p>Igra\u010di NK Vinica starosti izme\u0111u 9 i 11 godina dio su ekipe Po\u010detnika (U-11) Nogometnog centra Maru\u0161evec-Vinica i natje\u010du se u \u017dupanijskoj ligi nogometnih centara Vara\u017edin. Trener ekipe U-11 je Mario Hrn\u010di\u0107.<\/p>\n\n\n\n<p>Tablicu, rezultate i raspored natjecanja mo\u017eete pratiti na ovoj <a href=\"https:\/\/zns-varazdin.hr\/\" data-type=\"link\" data-id=\"https:\/\/zns-varazdin.hr\/\">poveznici<\/a>.<\/p>\n\n\n\n<figure class=\"wp-block-image size-large is-style-default\"><img loading=\"lazy\" decoding=\"async\" width=\"1024\" height=\"768\" src=\"https:\/\/www.nkvinica.hr\/wp-content\/uploads\/2026\/01\/U-11_2026-1024x768.jpg\" alt=\"\" class=\"wp-image-2158\" srcset=\"https:\/\/www.nkvinica.hr\/wp-content\/uploads\/2026\/01\/U-11_2026-1024x768.jpg 1024w, https:\/\/www.nkvinica.hr\/wp-content\/uploads\/2026\/01\/U-11_2026-300x225.jpg 300w, https:\/\/www.nkvinica.hr\/wp-content\/uploads\/2026\/01\/U-11_2026-768x576.jpg 768w, https:\/\/www.nkvinica.hr\/wp-content\/uploads\/2026\/01\/U-11_2026-1536x1152.jpg 1536w, https:\/\/www.nkvinica.hr\/wp-content\/uploads\/2026\/01\/U-11_2026-2048x1536.jpg 2048w, https:\/\/www.nkvinica.hr\/wp-content\/uploads\/2026\/01\/U-11_2026-128x96.jpg 128w, https:\/\/www.nkvinica.hr\/wp-content\/uploads\/2026\/01\/U-11_2026-32x24.jpg 32w\" sizes=\"auto, (max-width: 1024px) 100vw, 1024px\" \/><\/figure>\n","protected":false},"excerpt":{"rendered":"<p>Igra\u010di NK Vinica starosti izme\u0111u 9 i 11 godina dio su ekipe Po\u010detnika (U-11) Nogometnog centra Maru\u0161evec-Vinica i natje\u010du se &hellip; <\/p>\n","protected":false},"author":2,"featured_media":0,"parent":58,"menu_order":5,"comment_status":"closed","ping_status":"closed","template":"","meta":{"footnotes":""},"class_list":["post-1783","page","type-page","status-publish","hentry"],"_links":{"self":[{"href":"https:\/\/www.nkvinica.hr\/index.php\/wp-json\/wp\/v2\/pages\/1783","targetHints":{"allow":["GET"]}}],"collection":[{"href":"https:\/\/www.nkvinica.hr\/index.php\/wp-json\/wp\/v2\/pages"}],"about":[{"href":"https:\/\/www.nkvinica.hr\/index.php\/wp-json\/wp\/v2\/types\/page"}],"author":[{"embeddable":true,"href":"https:\/\/www.nkvinica.hr\/index.php\/wp-json\/wp\/v2\/users\/2"}],"replies":[{"embeddable":true,"href":"https:\/\/www.nkvinica.hr\/index.php\/wp-json\/wp\/v2\/comments?post=1783"}],"version-history":[{"count":6,"href":"https:\/\/www.nkvinica.hr\/index.php\/wp-json\/wp\/v2\/pages\/1783\/revisions"}],"predecessor-version":[{"id":2180,"href":"https:\/\/www.nkvinica.hr\/index.php\/wp-json\/wp\/v2\/pages\/1783\/revisions\/2180"}],"up":[{"embeddable":true,"href":"https:\/\/www.nkvinica.hr\/index.php\/wp-json\/wp\/v2\/pages\/58"}],"wp:attachment":[{"href":"https:\/\/www.nkvinica.hr\/index.php\/wp-json\/wp\/v2\/media?parent=1783"}],"curies":[{"name":"wp","href":"https:\/\/api.w.org\/{rel}","templated":true}]}}