{"id":1756,"date":"2021-12-27T22:24:42","date_gmt":"2021-12-27T21:24:42","guid":{"rendered":"https:\/\/www.nkvinica.hr\/?page_id=1756"},"modified":"2026-01-29T18:08:42","modified_gmt":"2026-01-29T17:08:42","slug":"veterani","status":"publish","type":"page","link":"https:\/\/www.nkvinica.hr\/index.php\/ekipe\/veterani\/","title":{"rendered":"Veterani"},"content":{"rendered":"\n<p>Na\u017ealost, veterani NK Vinica se zadnje dvije godine ne natje\u010du u Ligi veterana \u017dNS-a Vara\u017edin, no nadamo se da \u0107e se u idu\u0107im godinama ponovo uklju\u010diti u natjecanje. <\/p>\n\n\n\n<p>Tablicu, rezultate i raspored natjecanja Liga veterana mo\u017eete pratiti na ovoj poveznici.<\/p>\n\n\n\n<figure class=\"wp-block-image size-full\"><img loading=\"lazy\" decoding=\"async\" width=\"976\" height=\"616\" src=\"https:\/\/www.nkvinica.hr\/wp-content\/uploads\/2021\/12\/veterani-2021.jpg\" alt=\"\" class=\"wp-image-1838\" srcset=\"https:\/\/www.nkvinica.hr\/wp-content\/uploads\/2021\/12\/veterani-2021.jpg 976w, https:\/\/www.nkvinica.hr\/wp-content\/uploads\/2021\/12\/veterani-2021-300x189.jpg 300w, https:\/\/www.nkvinica.hr\/wp-content\/uploads\/2021\/12\/veterani-2021-768x485.jpg 768w, https:\/\/www.nkvinica.hr\/wp-content\/uploads\/2021\/12\/veterani-2021-128x81.jpg 128w, https:\/\/www.nkvinica.hr\/wp-content\/uploads\/2021\/12\/veterani-2021-32x20.jpg 32w\" sizes=\"auto, (max-width: 976px) 100vw, 976px\" \/><\/figure>\n\n\n\n<p><\/p>\n","protected":false},"excerpt":{"rendered":"<p>Na\u017ealost, veterani NK Vinica se zadnje dvije godine ne natje\u010du u Ligi veterana \u017dNS-a Vara\u017edin, no nadamo se da \u0107e &hellip; <\/p>\n","protected":false},"author":2,"featured_media":0,"parent":58,"menu_order":0,"comment_status":"closed","ping_status":"closed","template":"","meta":{"footnotes":""},"class_list":["post-1756","page","type-page","status-publish","hentry"],"_links":{"self":[{"href":"https:\/\/www.nkvinica.hr\/index.php\/wp-json\/wp\/v2\/pages\/1756","targetHints":{"allow":["GET"]}}],"collection":[{"href":"https:\/\/www.nkvinica.hr\/index.php\/wp-json\/wp\/v2\/pages"}],"about":[{"href":"https:\/\/www.nkvinica.hr\/index.php\/wp-json\/wp\/v2\/types\/page"}],"author":[{"embeddable":true,"href":"https:\/\/www.nkvinica.hr\/index.php\/wp-json\/wp\/v2\/users\/2"}],"replies":[{"embeddable":true,"href":"https:\/\/www.nkvinica.hr\/index.php\/wp-json\/wp\/v2\/comments?post=1756"}],"version-history":[{"count":6,"href":"https:\/\/www.nkvinica.hr\/index.php\/wp-json\/wp\/v2\/pages\/1756\/revisions"}],"predecessor-version":[{"id":2162,"href":"https:\/\/www.nkvinica.hr\/index.php\/wp-json\/wp\/v2\/pages\/1756\/revisions\/2162"}],"up":[{"embeddable":true,"href":"https:\/\/www.nkvinica.hr\/index.php\/wp-json\/wp\/v2\/pages\/58"}],"wp:attachment":[{"href":"https:\/\/www.nkvinica.hr\/index.php\/wp-json\/wp\/v2\/media?parent=1756"}],"curies":[{"name":"wp","href":"https:\/\/api.w.org\/{rel}","templated":true}]}}